{"id":2763,"date":"2026-05-14T15:47:39","date_gmt":"2026-05-14T12:47:39","guid":{"rendered":"https:\/\/www.liceulmiroslava.ro\/?page_id=2763"},"modified":"2026-05-14T16:03:15","modified_gmt":"2026-05-14T13:03:15","slug":"inscrieri-gradinita","status":"publish","type":"page","link":"https:\/\/www.liceulmiroslava.ro\/?page_id=2763","title":{"rendered":"\u00censcrieri gr\u0103dini\u021b\u0103"},"content":{"rendered":"\n<h1 class=\"wp-block-heading\">\u00censcriere gr\u0103dini\u021b\u0103 &#8211; an \u0219colar 2026-2027<\/h1>\n\n\n\n<p><\/p>\n\n\n\n<p><strong>Stima\u021bi p\u0103rin\u021bi,<\/strong><\/p>\n\n\n\n<p>\u00censcrierile la gr\u0103dini\u021b\u0103 pentru anul \u0219colar&nbsp;<strong>2026\u20132027<\/strong>&nbsp;se vor desf\u0103\u0219ura conform urm\u0103torului calendar:<\/p>\n\n\n\n<p><strong>Program de depunere a dosarelor:<\/strong><br>\u2022 25 \u2013 28 mai: 08:00 \u2013 15:30<br>\u2022 29 mai: 08:00 \u2013 12:30<\/p>\n\n\n\n<p><strong>Afi\u0219area rezultatelor:<\/strong><br>\u2022 18 iunie 2026<\/p>\n\n\n\n<p><strong>Loca\u021bie:<\/strong><br>Liceul Tehnologic Agricol \u201eOlga Sturdza\u201d Miroslava<br>Str. Mihail Kog\u0103lniceanu, nr. 38, Miroslava<\/p>\n\n\n\n<p><strong>Documente necesare pentru \u00eenscriere:<\/strong><\/p>\n\n\n\n<p>\u2022 Cererea de \u00eenscriere; (<strong><a href=\"http:\/\/www.liceulmiroslava.ro\/wp-content\/uploads\/2026\/05\/Cerere-inscriere-gradinita-2026-2027.pdf\">click aici pt download<\/a><\/strong>)<\/p>\n\n\n\n<p><strong>Documente anexate:<\/strong><br>a. Copie dup\u0103 certificatul de na\u0219tere al copilului;<br>b. Copie dup\u0103 actele de identitate ale p\u0103rin\u021bilor\/reprezentan\u021bilor legali;<br>c. Adeverin\u021b\u0103 de angajat pentru fiecare dintre p\u0103rin\u021bi\/reprezentantul legal sau adeverin\u021b\u0103 privind perioada concediului de cre\u0219tere a copilului (pentru solicitarea unui loc la program prelungit);<br>d. Copie dup\u0103 certificatele de na\u0219tere ale fra\u021bilor;<br>e. Alte documente doveditoare care sus\u021bin \u00eendeplinirea criteriilor generale sau specifice de \u00eenscriere (acestea vor fi analizate \u00een timpul procesului de selec\u021bie).<\/p>\n\n\n\n<p><strong>Dac\u0103 este cazul:<\/strong><br>P\u0103rin\u021bii divor\u021ba\u021bi depun la \u00eenscriere dovada modului \u00een care se exercit\u0103 autoritatea p\u0103rinteasc\u0103 \u0219i la care dintre ei a fost stabilit\u0103 locuin\u021ba minorului. Aceast\u0103 dovad\u0103 este solicitat\u0103 \u0219i \u00een cazul \u00eenscrierii copilului \u00een cadrul serviciului de educa\u021bie timpurie complementar.&nbsp;<strong>Dac\u0103 exist\u0103 custodie comun\u0103, cel\u0103lalt p\u0103rinte trebuie s\u0103 completeze o declara\u021bie cu privire la acordul privind \u00eenscrierea la unitatea respectiv\u0103.<\/strong><\/p>\n\n\n\n<p><strong>Important:<\/strong><br>&nbsp;Se adaug\u0103, la \u00eenceputul anului \u0219colar, urm\u0103toarele documente:<\/p>\n\n\n\n<p>a) adeverin\u021b\u0103 de la medicul de familie \u00een care se men\u021bioneaz\u0103 c\u0103 respectivul copil este s\u0103n\u0103tos clinic;&nbsp;<\/p>\n\n\n\n<p>b) avizul epidemiologic\/dovada de vaccinare \u00eentocmit(\u0103) conform prevederilor elaborate de Ministerul S\u0103n\u0103t\u0103\u021bii, cu privire la intrarea copilului \u00een colectivitate, eliberat de medicul(\u0103) de familie al copilului \u00eenainte de a \u00eencepe frecventarea unit\u0103\u021bii.<\/p>\n<!-- AddThis Advanced Settings generic via filter on the_content --><!-- AddThis Share Buttons generic via filter on the_content -->","protected":false},"excerpt":{"rendered":"<p>\u00censcriere gr\u0103dini\u021b\u0103 &#8211; an \u0219colar 2026-2027 Stima\u021bi p\u0103rin\u021bi, \u00censcrierile la gr\u0103dini\u021b\u0103 pentru anul \u0219colar&nbsp;2026\u20132027&nbsp;se vor desf\u0103\u0219ura conform urm\u0103torului calendar: Program de depunere a dosarelor:\u2022 25 \u2013 28 mai: 08:00 \u2013 15:30\u2022 29 mai: 08:00 \u2013 12:30 Afi\u0219area rezultatelor:\u2022 18 iunie&hellip;&nbsp;<a href=\"https:\/\/www.liceulmiroslava.ro\/?page_id=2763\" class=\"more-link\">Read More<\/a><!-- AddThis Advanced Settings generic via filter on get_the_excerpt --><!-- AddThis Share Buttons generic via filter on get_the_excerpt --><\/p>\n","protected":false},"author":1,"featured_media":0,"parent":0,"menu_order":0,"comment_status":"closed","ping_status":"closed","template":"","meta":{"footnotes":""},"class_list":["post-2763","page","type-page","status-publish","hentry"],"_links":{"self":[{"href":"https:\/\/www.liceulmiroslava.ro\/index.php?rest_route=\/wp\/v2\/pages\/2763","targetHints":{"allow":["GET"]}}],"collection":[{"href":"https:\/\/www.liceulmiroslava.ro\/index.php?rest_route=\/wp\/v2\/pages"}],"about":[{"href":"https:\/\/www.liceulmiroslava.ro\/index.php?rest_route=\/wp\/v2\/types\/page"}],"author":[{"embeddable":true,"href":"https:\/\/www.liceulmiroslava.ro\/index.php?rest_route=\/wp\/v2\/users\/1"}],"replies":[{"embeddable":true,"href":"https:\/\/www.liceulmiroslava.ro\/index.php?rest_route=%2Fwp%2Fv2%2Fcomments&post=2763"}],"version-history":[{"count":2,"href":"https:\/\/www.liceulmiroslava.ro\/index.php?rest_route=\/wp\/v2\/pages\/2763\/revisions"}],"predecessor-version":[{"id":2772,"href":"https:\/\/www.liceulmiroslava.ro\/index.php?rest_route=\/wp\/v2\/pages\/2763\/revisions\/2772"}],"wp:attachment":[{"href":"https:\/\/www.liceulmiroslava.ro\/index.php?rest_route=%2Fwp%2Fv2%2Fmedia&parent=2763"}],"curies":[{"name":"wp","href":"https:\/\/api.w.org\/{rel}","templated":true}]}}