{"id":113,"date":"2017-10-26T23:02:54","date_gmt":"2017-10-26T20:02:54","guid":{"rendered":"http:\/\/www.liceulmiroslava.ro\/?page_id=113"},"modified":"2024-11-29T10:02:54","modified_gmt":"2024-11-29T08:02:54","slug":"contact","status":"publish","type":"page","link":"https:\/\/www.liceulmiroslava.ro\/?page_id=113","title":{"rendered":"Contact"},"content":{"rendered":"\n<p class=\"has-text-color has-very-dark-gray-color\"><strong>Liceul Tehnologic Agricol \u201eOlga Sturdza\u201d<\/strong><br>Str. Mihail Kog\u0103lniceanu, nr.38<br>Miroslava, jude\u0163ul Ia\u015fi, 707305, Rom\u00e2nia<\/p>\n\n\n\n<figure><iframe src=\"https:\/\/maps.google.com\/maps?q=Liceul+Tehnologic+Agricol+Miroslava&amp;t=m&amp;z=14&amp;output=embed&amp;iwloc=near\" frameborder=\"0\" marginwidth=\"0\" marginheight=\"0\" scrolling=\"no\"><\/iframe><\/figure>\n\n\n\n<p class=\"has-text-color has-very-dark-gray-color\"><strong>Tel\/fax:<\/strong> <br>0332.418.842 <br>0332.418.843 <br>  <br>E-mail: exam_miroslava@yahoo.com <br>Web:&nbsp;<a href=\"http:\/\/miroslava.licee.edu.ro\/\">http:\/\/www.liceulmiroslava.ro\ufeff<\/a> <br><\/p>\n<!-- AddThis Advanced Settings generic via filter on the_content --><!-- AddThis Share Buttons generic via filter on the_content -->","protected":false},"excerpt":{"rendered":"<p>Liceul Tehnologic Agricol \u201eOlga Sturdza\u201dStr. Mihail Kog\u0103lniceanu, nr.38Miroslava, jude\u0163ul Ia\u015fi, 707305, Rom\u00e2nia Tel\/fax: 0332.418.842 0332.418.843 E-mail: exam_miroslava@yahoo.com Web:&nbsp;http:\/\/www.liceulmiroslava.ro\ufeff<!-- AddThis Advanced Settings generic via filter on get_the_excerpt --><!-- AddThis Share Buttons generic via filter on get_the_excerpt --><\/p>\n","protected":false},"author":1,"featured_media":0,"parent":0,"menu_order":0,"comment_status":"closed","ping_status":"closed","template":"","meta":{"footnotes":""},"class_list":["post-113","page","type-page","status-publish","hentry"],"_links":{"self":[{"href":"https:\/\/www.liceulmiroslava.ro\/index.php?rest_route=\/wp\/v2\/pages\/113","targetHints":{"allow":["GET"]}}],"collection":[{"href":"https:\/\/www.liceulmiroslava.ro\/index.php?rest_route=\/wp\/v2\/pages"}],"about":[{"href":"https:\/\/www.liceulmiroslava.ro\/index.php?rest_route=\/wp\/v2\/types\/page"}],"author":[{"embeddable":true,"href":"https:\/\/www.liceulmiroslava.ro\/index.php?rest_route=\/wp\/v2\/users\/1"}],"replies":[{"embeddable":true,"href":"https:\/\/www.liceulmiroslava.ro\/index.php?rest_route=%2Fwp%2Fv2%2Fcomments&post=113"}],"version-history":[{"count":14,"href":"https:\/\/www.liceulmiroslava.ro\/index.php?rest_route=\/wp\/v2\/pages\/113\/revisions"}],"predecessor-version":[{"id":1890,"href":"https:\/\/www.liceulmiroslava.ro\/index.php?rest_route=\/wp\/v2\/pages\/113\/revisions\/1890"}],"wp:attachment":[{"href":"https:\/\/www.liceulmiroslava.ro\/index.php?rest_route=%2Fwp%2Fv2%2Fmedia&parent=113"}],"curies":[{"name":"wp","href":"https:\/\/api.w.org\/{rel}","templated":true}]}}