{"id":11,"date":"2017-10-26T18:21:56","date_gmt":"2017-10-26T18:21:56","guid":{"rendered":"http:\/\/www.liceulmiroslava.ro\/?page_id=11"},"modified":"2026-02-26T10:07:22","modified_gmt":"2026-02-26T08:07:22","slug":"acasa","status":"publish","type":"page","link":"https:\/\/www.liceulmiroslava.ro\/","title":{"rendered":"Acasa"},"content":{"rendered":"<div class=\"wp-block-image\">\n<figure class=\"aligncenter size-full\"><img loading=\"lazy\" decoding=\"async\" width=\"1131\" height=\"1600\" src=\"https:\/\/www.liceulmiroslava.ro\/wp-content\/uploads\/2026\/02\/Oferta2026.jpeg\" alt=\"\" class=\"wp-image-2690\" srcset=\"https:\/\/www.liceulmiroslava.ro\/wp-content\/uploads\/2026\/02\/Oferta2026.jpeg 1131w, https:\/\/www.liceulmiroslava.ro\/wp-content\/uploads\/2026\/02\/Oferta2026-212x300.jpeg 212w, https:\/\/www.liceulmiroslava.ro\/wp-content\/uploads\/2026\/02\/Oferta2026-724x1024.jpeg 724w, https:\/\/www.liceulmiroslava.ro\/wp-content\/uploads\/2026\/02\/Oferta2026-768x1086.jpeg 768w, https:\/\/www.liceulmiroslava.ro\/wp-content\/uploads\/2026\/02\/Oferta2026-1086x1536.jpeg 1086w, https:\/\/www.liceulmiroslava.ro\/wp-content\/uploads\/2026\/02\/Oferta2026-191x270.jpeg 191w\" sizes=\"auto, (max-width: 1131px) 100vw, 1131px\" \/><\/figure>\n<\/div>\n\n\n<h4 class=\"wp-block-heading\">Liceul Tehnologic Agricol \u201eOlga Sturdza\u201d este o institu\u0163ie de \u00eenv\u0103\u0163\u0103m\u00e2nt care ofer\u0103 un parcurs educa\u0163ional complet, \u00eencep\u00e2nd cu nivelul pre\u015fcolar, continu\u00e2nd cu \u00eenv\u0103\u0163\u0103m\u00e2ntul primar \u015fi gimnazial, \u015fi culmin\u00e2nd cu preg\u0103tirea liceal\u0103 \u00een domeniul agricol. \u00cen cadrul \u015fcolii noastre se urm\u0103re\u015fte formarea \u015fi dezvoltarea armonioas\u0103 a personalit\u0103\u0163ii copiilor \u015fi tinerilor, promovarea educa\u0163iei pentru valori, stimularea creativit\u0103\u0163ii \u015fi a spiritului antreprenorial, precum \u015fi asigurarea unei preg\u0103tiri solide, bazate pe cuno\u015ftin\u0163e de cultur\u0103 general\u0103 \u015fi pe formarea de competen\u0163e profesionale. Astfel, oferim fiec\u0103rui elev \u015fansa de a-\u015fi descoperi voca\u0163ia, de a-\u015fi dezvolta aptitudinile \u015fi de a-\u015fi construi un traseu educa\u0163ional coerent, de la primii pa\u015fi \u00een gr\u0103dini\u0163\u0103 p\u00e2n\u0103 la finalizarea studiilor liceale.<\/h4>\n\n\n\n<h4 class=\"wp-block-heading\">Prin resursele umane \u015fi materiale de care dispune, Liceul Tehnologic Agricol \u201eOlga Sturdza\u201d r\u0103spunde cerin\u0163elor de dezvoltare personal\u0103 \u015fi profesional\u0103 ale copiilor, tinerilor \u015fi adul\u0163ilor din zona ocupa\u0163ional\u0103, asigur\u00e2nd preg\u0103tirea la nivelul standardelor actuale \u015fi capacitatea de adaptare la dinamica societ\u0103\u0163ii contemporane. Practic, institu\u0163ia noastr\u0103 \u015fcolar\u0103 este angajat\u0103 \u00een valorificarea poten\u0163ialului fiec\u0103rui beneficiar al educa\u0163iei, cultiv\u00e2nd competen\u0163e, deprinderi \u015fi atitudini necesare integr\u0103rii active \u00eentr-o economie competitiv\u0103 \u015fi \u00eentr-o comunitate aflat\u0103 \u00een continu\u0103 schimbare.<br><br>Structuri:<\/h4>\n\n\n\n<ul class=\"wp-block-list\">\n<li class=\"has-black-color has-text-color has-link-color wp-elements-9b12cf76c8ed3933b899a12fd69acf65\">&#8211; <strong>Liceul Tehnologic Agricol \u201eOlga Sturdza\u201d Miroslava<\/strong><\/li>\n\n\n\n<li class=\"has-black-color has-text-color has-link-color wp-elements-3aeaa5e808e8418daea422d02e11928d\"><strong>&#8211; \u0218coala Gimnazial\u0103 Corne\u0219ti<\/strong><\/li>\n\n\n\n<li class=\"has-black-color has-text-color has-link-color wp-elements-91509d98f6837800c320815e5ba15391\"><strong>&#8211; \u0218coala Gimnazial\u0103 Uricani<\/strong><\/li>\n\n\n\n<li class=\"has-black-color has-text-color has-link-color wp-elements-625585844bcec480d898c7a700d725b7\"><strong>&#8211; \u0218coala Primar\u0103 Proselnici<\/strong><\/li>\n\n\n\n<li class=\"has-black-color has-text-color has-link-color wp-elements-cc33d61baf131094c2a66a64a0353e72\"><strong>&#8211; \u0218coala Primar\u0103 Vorove\u0219ti<\/strong><\/li>\n\n\n\n<li class=\"has-black-color has-text-color has-link-color wp-elements-b359d6f8410197af7720f6f3a3fcbb9b\"><strong>&#8211; Gr\u0103dini\u021ba Ciurbe\u0219ti<\/strong><\/li>\n\n\n\n<li class=\"has-black-color has-text-color has-link-color wp-elements-c4596898dce3c026d45a9955c6b331b5\"><strong>&#8211; Gr\u0103dini\u021ba Horpaz<\/strong><\/li>\n<\/ul>\n\n\n\n<p>.<br>.<\/p>\n\n\n\n<h4 class=\"wp-block-heading\"><strong>MISIUNEA \u0218COLII:<\/strong><\/h4>\n\n\n\n<h4 class=\"wp-block-heading\"><strong>Promov\u0103m&nbsp;<\/strong>dezvoltarea calit\u0103\u021bilor \u0219i aptitudinilor fiec\u0103rui elev pentru a fi capabil s\u0103-\u0219i aleag\u0103 viitorul cel mai potrivit \u0219i s\u0103 se adapteze unei societ\u0103\u021bi dinamice.<\/h4>\n\n\n\n<h4 class=\"wp-block-heading\"><strong>Stimul\u0103m<\/strong>&nbsp;dezvoltarea rela\u021biei de parteneriat pe linia moderniz\u0103rii bazei didactico-materiale, perfec\u021bionarea profesorilor \u0219i ridicarea nivelului de preg\u0103tire a elevilor.<\/h4>\n\n\n\n<figure class=\"wp-block-embed is-type-video is-provider-youtube wp-block-embed-youtube wp-embed-aspect-16-9 wp-has-aspect-ratio\"><div class=\"wp-block-embed__wrapper\">\n<iframe loading=\"lazy\" title=\"Liceul Tehnologic Agricol \u201eOlga Sturdza\u201d Miroslava - Oferta scolarizare 2024-2025\" width=\"640\" height=\"360\" src=\"https:\/\/www.youtube.com\/embed\/jIj_AJ-h8bk?feature=oembed\" frameborder=\"0\" allow=\"accelerometer; autoplay; clipboard-write; encrypted-media; gyroscope; picture-in-picture; web-share\" referrerpolicy=\"strict-origin-when-cross-origin\" allowfullscreen><\/iframe>\n<\/div><\/figure>\n<!-- AddThis Advanced Settings generic via filter on the_content --><!-- AddThis Share Buttons generic via filter on the_content -->","protected":false},"excerpt":{"rendered":"<p>Liceul Tehnologic Agricol \u201eOlga Sturdza\u201d este o institu\u0163ie de \u00eenv\u0103\u0163\u0103m\u00e2nt care ofer\u0103 un parcurs educa\u0163ional complet, \u00eencep\u00e2nd cu nivelul pre\u015fcolar, continu\u00e2nd cu \u00eenv\u0103\u0163\u0103m\u00e2ntul primar \u015fi gimnazial, \u015fi culmin\u00e2nd cu preg\u0103tirea liceal\u0103 \u00een domeniul agricol. \u00cen cadrul \u015fcolii noastre se urm\u0103re\u015fte&hellip;&nbsp;<a href=\"https:\/\/www.liceulmiroslava.ro\/\" class=\"more-link\">Read More<\/a><!-- AddThis Advanced Settings generic via filter on get_the_excerpt --><!-- AddThis Share Buttons generic via filter on get_the_excerpt --><\/p>\n","protected":false},"author":1,"featured_media":0,"parent":2,"menu_order":0,"comment_status":"closed","ping_status":"closed","template":"","meta":{"footnotes":""},"class_list":["post-11","page","type-page","status-publish","hentry"],"_links":{"self":[{"href":"https:\/\/www.liceulmiroslava.ro\/index.php?rest_route=\/wp\/v2\/pages\/11","targetHints":{"allow":["GET"]}}],"collection":[{"href":"https:\/\/www.liceulmiroslava.ro\/index.php?rest_route=\/wp\/v2\/pages"}],"about":[{"href":"https:\/\/www.liceulmiroslava.ro\/index.php?rest_route=\/wp\/v2\/types\/page"}],"author":[{"embeddable":true,"href":"https:\/\/www.liceulmiroslava.ro\/index.php?rest_route=\/wp\/v2\/users\/1"}],"replies":[{"embeddable":true,"href":"https:\/\/www.liceulmiroslava.ro\/index.php?rest_route=%2Fwp%2Fv2%2Fcomments&post=11"}],"version-history":[{"count":98,"href":"https:\/\/www.liceulmiroslava.ro\/index.php?rest_route=\/wp\/v2\/pages\/11\/revisions"}],"predecessor-version":[{"id":2704,"href":"https:\/\/www.liceulmiroslava.ro\/index.php?rest_route=\/wp\/v2\/pages\/11\/revisions\/2704"}],"up":[{"embeddable":true,"href":"https:\/\/www.liceulmiroslava.ro\/index.php?rest_route=\/wp\/v2\/pages\/2"}],"wp:attachment":[{"href":"https:\/\/www.liceulmiroslava.ro\/index.php?rest_route=%2Fwp%2Fv2%2Fmedia&parent=11"}],"curies":[{"name":"wp","href":"https:\/\/api.w.org\/{rel}","templated":true}]}}