{"id":108,"date":"2017-10-26T23:02:29","date_gmt":"2017-10-26T20:02:29","guid":{"rendered":"http:\/\/www.liceulmiroslava.ro\/?page_id=108"},"modified":"2024-11-29T10:06:02","modified_gmt":"2024-11-29T08:06:02","slug":"examenul-de-bacalaureat","status":"publish","type":"page","link":"http:\/\/www.liceulmiroslava.ro\/?page_id=108","title":{"rendered":"Examenul de Bacalaureat"},"content":{"rendered":"\n<h5 class=\"wp-block-heading\" id=\"calendarul-examenului-national-de-bacalaureat-sesiunea-iunie-iulie-2025\">Calendarul examenului na\u021bional de bacalaureat \u2013 Sesiunea iunie-iulie 2025:<\/h5>\n\n\n\n<ul class=\"wp-block-list\"><li><strong>16 \u2013 20 decembrie 2024:<\/strong>&nbsp;\u00censcrierea candida\u021bilor pentru sus\u021binerea probelor A, B, C, D din cadrul examenului na\u021bional de bacalaureat \u2013 2025<\/li><\/ul>\n\n\n\n<ul class=\"wp-block-list\"><li><strong>27-29 ianuarie 2025:<\/strong>&nbsp;\u2060Evaluarea competen\u021belor lingvistice de comunicare oral\u0103 \u00een limba rom\u00e2n\u0103 \u2013 proba A<\/li><li><strong>29-31 ianuarie 2025:<\/strong>&nbsp;Evaluarea competen\u021belor lingvistice de comunicare oral\u0103 \u00een limba matern\u0103 \u2013 proba B<\/li><li><strong>3-5 februarie 2025: \u2060<\/strong>Evaluarea competen\u021belor lingvistice \u00eentr-o limb\u0103 de circula\u021bie interna\u021bional\u0103 \u2013 proba C<\/li><li><strong>5-7 februarie 2025:<\/strong>&nbsp;Evaluarea competen\u021belor digitale \u2013 proba D<\/li><li><strong>30 mai \u2013 4 iunie 2025:<\/strong>&nbsp;Sus\u021binerea probelor A, B, C, D pentru elevii beneficiari ai unor burse de studiu \u00een str\u0103in\u0103tate<\/li><li><strong>2-6 iunie 2025:<\/strong>&nbsp;\u00censcrierea candida\u021bilor la probele scrise ale primei sesiuni de examen<\/li><li><strong>6 iunie 2025:&nbsp;<\/strong>\u00cencheierea cursurilor pentru clasa a XII-a\/a XIII-a<\/li><\/ul>\n\n\n\n<ul class=\"wp-block-list\"><li><strong>10 iunie 2025:<\/strong>&nbsp;Limba \u0219i literatura rom\u00e2n\u0103 \u2013 proba E.a) \u2013 prob\u0103 scris\u0103<\/li><li><strong>11 iunie 2025:<\/strong>&nbsp;Proba obligatorie a profilului \u2013 proba E.c) \u2013 prob\u0103 scris\u0103<\/li><li><strong>13 iunie 2025:<\/strong>&nbsp;Proba la alegere a profilului \u0219i specializ\u0103rii \u2013 proba E.d) \u2013 prob\u0103 scris\u0103<\/li><li><strong>16 iunie 2025:<\/strong>&nbsp;Limba \u0219i literatura matern\u0103 \u2013 proba E.b) \u2013 prob\u0103 scris\u0103<\/li><li><strong>20 iunie 2025:<\/strong>&nbsp;\u2060Afi\u0219area rezultatelor la probele scrise, vizualizarea lucr\u0103rilor scrise \u0219i depunerea contesta\u021biilor<\/li><\/ul>\n\n\n\n<ul class=\"wp-block-list\"><li><strong>23-24 iunie 2025:<\/strong>&nbsp;Vizualizarea lucr\u0103rilor scrise \u0219i depunerea contesta\u021biilor<\/li><li><strong>30 iunie 2025:<\/strong>&nbsp;\u2060Afi\u0219area rezultatelor finale<\/li><\/ul>\n\n\n\n<h5 class=\"wp-block-heading\" id=\"calendarul-examenului-national-de-bacalaureat-sesiunea-august-2025\">Calendarul examenului na\u021bional de bacalaureat \u2013 Sesiunea august 2025:<\/h5>\n\n\n\n<ul class=\"wp-block-list\"><li><strong>14-21 iulie 2025:<\/strong>&nbsp;\u00censcrierea candida\u021bilor la a doua sesiune de examen, inclusiv a candida\u021bilor care au promovat examenele de corigen\u021be<\/li><\/ul>\n\n\n\n<ul class=\"wp-block-list\"><li><strong>4-5 august 2025:<\/strong>&nbsp;Evaluarea competen\u021belor lingvistice de comunicare oral\u0103 \u00een limba rom\u00e2n\u0103 \u2013 proba A<\/li><li><strong>5 august 2025:<\/strong>&nbsp;Evaluarea competen\u021belor lingvistice de comunicare oral\u0103 \u00een limba matern\u0103 \u2013 proba B<\/li><li><strong>6 august 2025:<\/strong>&nbsp;\u2060Evaluarea competen\u021belor digitale \u2013 proba D<\/li><li><strong>7-8 august 2025:<\/strong>&nbsp;Evaluarea competen\u021belor lingvistice \u00eentr-o limb\u0103 de circula\u021bie interna\u021bional\u0103 \u2013 proba C<\/li><\/ul>\n\n\n\n<ul class=\"wp-block-list\"><li><strong>11 august 2025:<\/strong>&nbsp;Limba \u0219i literatura rom\u00e2n\u0103 \u2013 proba E.a) \u2013 prob\u0103 scris\u0103<\/li><li><strong>12 august 2025:<\/strong>&nbsp;Proba obligatorie a profilului \u2013 proba E.c) \u2013 prob\u0103 scris\u0103<\/li><li><strong>13 august 2025:<\/strong>&nbsp;Proba la alegere a profilului \u0219i specializ\u0103rii \u2013 proba E.d) \u2013 prob\u0103 scris\u0103<\/li><li><strong>14 august 2025:<\/strong>&nbsp;Limba \u0219i literatura matern\u0103 \u2013 proba E.b) \u2013 prob\u0103 scris\u0103<\/li><\/ul>\n\n\n\n<ul class=\"wp-block-list\"><li><strong>18 august 2025:<\/strong>&nbsp;Afi\u0219area rezultatelor la probele scrise, vizualizarea lucr\u0103rilor scrise \u0219i depunerea contesta\u021biilor<\/li><li><strong>19-20 august 2025:<\/strong>&nbsp;Vizualizarea lucr\u0103rilor scrise \u0219i depunerea contesta\u021biilor<\/li><li><strong>26 august 2025:<\/strong>&nbsp;Afi\u0219area rezultatelor finale<\/li><\/ul>\n<!-- AddThis Advanced Settings generic via filter on the_content --><!-- AddThis Share Buttons generic via filter on the_content -->","protected":false},"excerpt":{"rendered":"<p>Calendarul examenului na\u021bional de bacalaureat \u2013 Sesiunea iunie-iulie 2025: 16 \u2013 20 decembrie 2024:&nbsp;\u00censcrierea candida\u021bilor pentru sus\u021binerea probelor A, B, C, D din cadrul examenului na\u021bional de bacalaureat \u2013 2025 27-29 ianuarie 2025:&nbsp;\u2060Evaluarea competen\u021belor lingvistice de comunicare oral\u0103 \u00een limba&hellip;&nbsp;<a href=\"http:\/\/www.liceulmiroslava.ro\/?page_id=108\" class=\"more-link\">Read More<\/a><!-- AddThis Advanced Settings generic via filter on get_the_excerpt --><!-- AddThis Share Buttons generic via filter on get_the_excerpt --><\/p>\n","protected":false},"author":1,"featured_media":0,"parent":103,"menu_order":0,"comment_status":"closed","ping_status":"closed","template":"","meta":{"footnotes":""},"class_list":["post-108","page","type-page","status-publish","hentry"],"_links":{"self":[{"href":"http:\/\/www.liceulmiroslava.ro\/index.php?rest_route=\/wp\/v2\/pages\/108","targetHints":{"allow":["GET"]}}],"collection":[{"href":"http:\/\/www.liceulmiroslava.ro\/index.php?rest_route=\/wp\/v2\/pages"}],"about":[{"href":"http:\/\/www.liceulmiroslava.ro\/index.php?rest_route=\/wp\/v2\/types\/page"}],"author":[{"embeddable":true,"href":"http:\/\/www.liceulmiroslava.ro\/index.php?rest_route=\/wp\/v2\/users\/1"}],"replies":[{"embeddable":true,"href":"http:\/\/www.liceulmiroslava.ro\/index.php?rest_route=%2Fwp%2Fv2%2Fcomments&post=108"}],"version-history":[{"count":31,"href":"http:\/\/www.liceulmiroslava.ro\/index.php?rest_route=\/wp\/v2\/pages\/108\/revisions"}],"predecessor-version":[{"id":2363,"href":"http:\/\/www.liceulmiroslava.ro\/index.php?rest_route=\/wp\/v2\/pages\/108\/revisions\/2363"}],"up":[{"embeddable":true,"href":"http:\/\/www.liceulmiroslava.ro\/index.php?rest_route=\/wp\/v2\/pages\/103"}],"wp:attachment":[{"href":"http:\/\/www.liceulmiroslava.ro\/index.php?rest_route=%2Fwp%2Fv2%2Fmedia&parent=108"}],"curies":[{"name":"wp","href":"https:\/\/api.w.org\/{rel}","templated":true}]}}