{"id":100,"date":"2017-10-27T23:01:33","date_gmt":"2017-10-27T20:01:33","guid":{"rendered":"http:\/\/www.liceulmiroslava.ro\/?page_id=100"},"modified":"2026-02-12T08:46:15","modified_gmt":"2026-02-12T06:46:15","slug":"orar","status":"publish","type":"page","link":"http:\/\/www.liceulmiroslava.ro\/?page_id=100","title":{"rendered":"Orar"},"content":{"rendered":"<h2><a href=\"http:\/\/www.liceulmiroslava.ro\/wp-content\/uploads\/2025\/09\/Orar_general_clase.pdf\"><strong>Orar an \u0219colar 2025-2026<\/strong><\/a><\/h2>\n<h2><a href=\"http:\/\/www.liceulmiroslava.ro\/wp-content\/uploads\/2025\/09\/practica_25_26.pdf\"><span style=\"color: #ff0000;\">Practic\u0103 comasat\u0103 an scolar 2025-2026<\/span><\/a><\/h2>\n\n\n<p class=\"has-medium-font-size\"><a href=\"http:\/\/www.liceulmiroslava.ro\/wp-content\/uploads\/2026\/02\/S21-clase.pdf\">Orar s\u0103pt\u0103m\u00e2na 21 (23 &#8211; 27 februarie 2025)<\/a><\/p>\n\n\n\n<p class=\"has-medium-font-size\"><\/p>\n\n\n\n<p><\/p>\n<!-- AddThis Advanced Settings generic via filter on the_content --><!-- AddThis Share Buttons generic via filter on the_content -->","protected":false},"excerpt":{"rendered":"<p>Orar an \u0219colar 2025-2026 Practic\u0103 comasat\u0103 an scolar 2025-2026 Orar s\u0103pt\u0103m\u00e2na 21 (23 &#8211; 27 februarie 2025)<!-- AddThis Advanced Settings generic via filter on get_the_excerpt --><!-- AddThis Share Buttons generic via filter on get_the_excerpt --><\/p>\n","protected":false},"author":1,"featured_media":0,"parent":0,"menu_order":0,"comment_status":"closed","ping_status":"closed","template":"","meta":{"footnotes":""},"class_list":["post-100","page","type-page","status-publish","hentry"],"_links":{"self":[{"href":"http:\/\/www.liceulmiroslava.ro\/index.php?rest_route=\/wp\/v2\/pages\/100","targetHints":{"allow":["GET"]}}],"collection":[{"href":"http:\/\/www.liceulmiroslava.ro\/index.php?rest_route=\/wp\/v2\/pages"}],"about":[{"href":"http:\/\/www.liceulmiroslava.ro\/index.php?rest_route=\/wp\/v2\/types\/page"}],"author":[{"embeddable":true,"href":"http:\/\/www.liceulmiroslava.ro\/index.php?rest_route=\/wp\/v2\/users\/1"}],"replies":[{"embeddable":true,"href":"http:\/\/www.liceulmiroslava.ro\/index.php?rest_route=%2Fwp%2Fv2%2Fcomments&post=100"}],"version-history":[{"count":202,"href":"http:\/\/www.liceulmiroslava.ro\/index.php?rest_route=\/wp\/v2\/pages\/100\/revisions"}],"predecessor-version":[{"id":2689,"href":"http:\/\/www.liceulmiroslava.ro\/index.php?rest_route=\/wp\/v2\/pages\/100\/revisions\/2689"}],"wp:attachment":[{"href":"http:\/\/www.liceulmiroslava.ro\/index.php?rest_route=%2Fwp%2Fv2%2Fmedia&parent=100"}],"curies":[{"name":"wp","href":"https:\/\/api.w.org\/{rel}","templated":true}]}}